{"id":22951,"date":"2025-04-13T17:05:30","date_gmt":"2025-04-13T14:05:30","guid":{"rendered":"https:\/\/ttf.com.tr\/?page_id=22951"},"modified":"2025-04-13T17:06:04","modified_gmt":"2025-04-13T14:06:04","slug":"gecmis-fuarlar","status":"publish","type":"page","link":"https:\/\/ttf.com.tr\/en\/gecmis-fuarlar\/","title":{"rendered":"Past Fairs"},"content":{"rendered":"<div data-elementor-type=\"wp-page\" data-elementor-id=\"22951\" class=\"elementor elementor-22951\">\n\t\t\t\t\t\t<section class=\"elementor-section elementor-top-section elementor-element elementor-element-2d3d6d28 elementor-section-boxed elementor-section-height-default elementor-section-height-default sc_fly_static\" data-id=\"2d3d6d28\" data-element_type=\"section\">\n\t\t\t\t\t\t<div class=\"elementor-container elementor-column-gap-extended\">\n\t\t\t\t\t<div class=\"elementor-column elementor-col-100 elementor-top-column elementor-element elementor-element-196ac773 sc_layouts_column_align_center sc_layouts_column sc_content_align_inherit sc_layouts_column_icons_position_left sc_fly_static\" data-id=\"196ac773\" data-element_type=\"column\">\n\t\t\t<div class=\"elementor-widget-wrap elementor-element-populated\">\n\t\t\t\t\t\t<div class=\"elementor-element elementor-element-53b87cea sc_fly_static elementor-widget elementor-widget-text-editor\" data-id=\"53b87cea\" data-element_type=\"widget\" data-widget_type=\"text-editor.default\">\n\t\t\t\t<div class=\"elementor-widget-container\">\n\t\t\t\t\t\t\t\t\t<p>Past Fairs<\/p>\t\t\t\t\t\t\t\t<\/div>\n\t\t\t\t<\/div>\n\t\t\t\t<div class=\"elementor-element elementor-element-04055aa sc_fly_static elementor-widget elementor-widget-text-editor\" data-id=\"04055aa\" data-element_type=\"widget\" data-widget_type=\"text-editor.default\">\n\t\t\t\t<div class=\"elementor-widget-container\">\n\t\t\t\t\t\t\t\t\t<p>We have contributed to hundreds of our business partners opening up to global markets through the fair trips we have carried out to date. We have been with them every step of the way with our experience, strong network and professional approach.<\/p>\t\t\t\t\t\t\t\t<\/div>\n\t\t\t\t<\/div>\n\t\t\t\t<div class=\"elementor-element elementor-element-3f53cb0c sc_fly_static elementor-widget elementor-widget-spacer\" data-id=\"3f53cb0c\" data-element_type=\"widget\" data-widget_type=\"spacer.default\">\n\t\t\t\t<div class=\"elementor-widget-container\">\n\t\t\t\t\t\t\t<div class=\"elementor-spacer\">\n\t\t\t<div class=\"elementor-spacer-inner\"><\/div>\n\t\t<\/div>\n\t\t\t\t\t\t<\/div>\n\t\t\t\t<\/div>\n\t\t\t\t\t<\/div>\n\t\t<\/div>\n\t\t\t\t\t<\/div>\n\t\t<\/section>\n\t\t\t\t<section class=\"elementor-section elementor-top-section elementor-element elementor-element-2a3efff elementor-section-boxed elementor-section-height-default elementor-section-height-default sc_fly_static\" data-id=\"2a3efff\" data-element_type=\"section\">\n\t\t\t\t\t\t<div class=\"elementor-container elementor-column-gap-extended\">\n\t\t\t\t\t<div class=\"elementor-column elementor-col-100 elementor-top-column elementor-element elementor-element-9200066 sc_content_align_inherit sc_layouts_column_icons_position_left sc_fly_static\" data-id=\"9200066\" data-element_type=\"column\">\n\t\t\t<div class=\"elementor-widget-wrap elementor-element-populated\">\n\t\t\t\t\t\t<div class=\"elementor-element elementor-element-a3b518e sc_fly_static elementor-widget elementor-widget-trx_sc_portfolio\" data-id=\"a3b518e\" data-element_type=\"widget\" data-widget_type=\"trx_sc_portfolio.default\">\n\t\t\t\t<div class=\"elementor-widget-container\">\n\t\t\t\t\t<div \t\tclass=\"sc_portfolio sc_portfolio_eclipse\"><div class=\"sc_portfolio_columns_wrap sc_item_columns sc_item_posts_container trx_addons_columns_wrap columns_padding_bottom grid_wrap_2 columns_in_single_row\"><div class=\"trx_addons_column-1_3\"><div data-post-id=\"23081\" class=\"sc_portfolio_item sc_item_container post_container\"\r\n\t\tdata-size=\"1500x1000\"\r\n\tdata-src=\"https:\/\/ttf.com.tr\/wp-content\/uploads\/2025\/04\/CPM-IMG_0863-2.webp\"\r\n\t>\r\n\t<div class=\"post_featured with_thumb hover_info sc_portfolio_item_thumb\"><img fetchpriority=\"high\" decoding=\"async\" width=\"890\" height=\"664\" src=\"https:\/\/ttf.com.tr\/wp-content\/uploads\/2025\/04\/CPM-IMG_0863-2-890x664.webp\" class=\"attachment-trailblazer-thumb-square size-trailblazer-thumb-square wp-post-image\" alt=\"\" srcset=\"https:\/\/ttf.com.tr\/wp-content\/uploads\/2025\/04\/CPM-IMG_0863-2-890x664.webp 890w, https:\/\/ttf.com.tr\/wp-content\/uploads\/2025\/04\/CPM-IMG_0863-2-18x12.webp 18w\" sizes=\"(max-width: 890px) 100vw, 890px\" \/>\t\t\t\t\t\t<div class=\"mask\"><\/div>\n\t\t\t\t\t\t<a href=\"https:\/\/ttf.com.tr\/en\/portfolio\/cpm-international-fashion-trade\/\"><\/a><div class=\"post_info\"><h5 class=\"post_title\"><a href=\"https:\/\/ttf.com.tr\/en\/portfolio\/cpm-international-fashion-trade\/\">2024 CPM International Fashion Trade<\/a><\/h5><div class=\"post_meta\"><span class=\"post_meta_item post_categories cat_sep\"><a href=\"https:\/\/ttf.com.tr\/en\/portfolio_group\/gecmis-fuarlar\/\" title=\"View all posts in Ge\u00e7mi\u015f Fuarlar\">Past Fairs<\/a><\/span><\/div><\/div><\/div>\t\r\n<\/div><\/div><div class=\"trx_addons_column-1_3\"><div data-post-id=\"23383\" class=\"sc_portfolio_item sc_item_container post_container\"\r\n\t\tdata-size=\"700x467\"\r\n\tdata-src=\"https:\/\/ttf.com.tr\/wp-content\/uploads\/2025\/05\/F7A5420JPG.jpg\"\r\n\t>\r\n\t<div class=\"post_featured with_thumb hover_info sc_portfolio_item_thumb\"><img decoding=\"async\" width=\"700\" height=\"467\" src=\"https:\/\/ttf.com.tr\/wp-content\/uploads\/2025\/05\/F7A5420JPG.jpg\" class=\"attachment-trailblazer-thumb-square size-trailblazer-thumb-square wp-post-image\" alt=\"\" srcset=\"https:\/\/ttf.com.tr\/wp-content\/uploads\/2025\/05\/F7A5420JPG.jpg 700w, https:\/\/ttf.com.tr\/wp-content\/uploads\/2025\/05\/F7A5420JPG-300x200.jpg 300w, https:\/\/ttf.com.tr\/wp-content\/uploads\/2025\/05\/F7A5420JPG-18x12.jpg 18w, https:\/\/ttf.com.tr\/wp-content\/uploads\/2025\/05\/F7A5420JPG-370x247.jpg 370w, https:\/\/ttf.com.tr\/wp-content\/uploads\/2025\/05\/F7A5420JPG-410x274.jpg 410w\" sizes=\"(max-width: 700px) 100vw, 700px\" \/>\t\t\t\t\t\t<div class=\"mask\"><\/div>\n\t\t\t\t\t\t<a href=\"https:\/\/ttf.com.tr\/en\/portfolio\/2025-caspian-agro-azerbaycan-baku\/\"><\/a><div class=\"post_info\"><h5 class=\"post_title\"><a href=\"https:\/\/ttf.com.tr\/en\/portfolio\/2025-caspian-agro-azerbaycan-baku\/\">2025 Caspian Agro &#8211; Azerbaycan Baku<\/a><\/h5><div class=\"post_meta\"><span class=\"post_meta_item post_categories cat_sep\"><a href=\"https:\/\/ttf.com.tr\/en\/portfolio_group\/gecmis-fuarlar\/\" title=\"View all posts in Ge\u00e7mi\u015f Fuarlar\">Past Fairs<\/a><\/span><\/div><\/div><\/div>\t\r\n<\/div><\/div><\/div><\/div>\t\t\t\t<\/div>\n\t\t\t\t<\/div>\n\t\t\t\t\t<\/div>\n\t\t<\/div>\n\t\t\t\t\t<\/div>\n\t\t<\/section>\n\t\t\t\t<\/div>","protected":false},"excerpt":{"rendered":"<p>Ge\u00e7mi\u015f Fuarlar Bug\u00fcne kadar ger\u00e7ekle\u015ftirdi\u011fimiz fuar seyahatleriyle y\u00fczlerce i\u015f orta\u011f\u0131m\u0131z\u0131n global pazarlara a\u00e7\u0131lmas\u0131na katk\u0131 sa\u011flad\u0131k. Tecr\u00fcbemiz, g\u00fc\u00e7l\u00fc a\u011f\u0131m\u0131z ve profesyonel yakla\u015f\u0131m\u0131m\u0131zla her ad\u0131mda yanlar\u0131nda olduk. Hiking Tour Ge\u00e7mi\u015f Fuarlar Camel&hellip;<\/p>","protected":false},"author":1,"featured_media":0,"parent":0,"menu_order":0,"comment_status":"closed","ping_status":"closed","template":"","meta":{"footnotes":""},"class_list":["post-22951","page","type-page","status-publish","hentry"],"_links":{"self":[{"href":"https:\/\/ttf.com.tr\/en\/wp-json\/wp\/v2\/pages\/22951","targetHints":{"allow":["GET"]}}],"collection":[{"href":"https:\/\/ttf.com.tr\/en\/wp-json\/wp\/v2\/pages"}],"about":[{"href":"https:\/\/ttf.com.tr\/en\/wp-json\/wp\/v2\/types\/page"}],"author":[{"embeddable":true,"href":"https:\/\/ttf.com.tr\/en\/wp-json\/wp\/v2\/users\/1"}],"replies":[{"embeddable":true,"href":"https:\/\/ttf.com.tr\/en\/wp-json\/wp\/v2\/comments?post=22951"}],"version-history":[{"count":4,"href":"https:\/\/ttf.com.tr\/en\/wp-json\/wp\/v2\/pages\/22951\/revisions"}],"predecessor-version":[{"id":22955,"href":"https:\/\/ttf.com.tr\/en\/wp-json\/wp\/v2\/pages\/22951\/revisions\/22955"}],"wp:attachment":[{"href":"https:\/\/ttf.com.tr\/en\/wp-json\/wp\/v2\/media?parent=22951"}],"curies":[{"name":"wp","href":"https:\/\/api.w.org\/{rel}","templated":true}]}}