{"id":22933,"date":"2025-04-13T16:55:51","date_gmt":"2025-04-13T13:55:51","guid":{"rendered":"https:\/\/ttf.com.tr\/?page_id=22933"},"modified":"2025-04-13T17:04:46","modified_gmt":"2025-04-13T14:04:46","slug":"gelecek-fuarlar","status":"publish","type":"page","link":"https:\/\/ttf.com.tr\/en\/gelecek-fuarlar\/","title":{"rendered":"Upcoming Fairs"},"content":{"rendered":"<div data-elementor-type=\"wp-page\" data-elementor-id=\"22933\" class=\"elementor elementor-22933\">\n\t\t\t\t\t\t<section class=\"elementor-section elementor-top-section elementor-element elementor-element-2d3d6d28 elementor-section-boxed elementor-section-height-default elementor-section-height-default sc_fly_static\" data-id=\"2d3d6d28\" data-element_type=\"section\">\n\t\t\t\t\t\t<div class=\"elementor-container elementor-column-gap-extended\">\n\t\t\t\t\t<div class=\"elementor-column elementor-col-100 elementor-top-column elementor-element elementor-element-196ac773 sc_layouts_column_align_center sc_layouts_column sc_content_align_inherit sc_layouts_column_icons_position_left sc_fly_static\" data-id=\"196ac773\" data-element_type=\"column\">\n\t\t\t<div class=\"elementor-widget-wrap elementor-element-populated\">\n\t\t\t\t\t\t<div class=\"elementor-element elementor-element-53b87cea sc_fly_static elementor-widget elementor-widget-text-editor\" data-id=\"53b87cea\" data-element_type=\"widget\" data-widget_type=\"text-editor.default\">\n\t\t\t\t<div class=\"elementor-widget-container\">\n\t\t\t\t\t\t\t\t\t<p>Upcoming Fairs<\/p>\t\t\t\t\t\t\t\t<\/div>\n\t\t\t\t<\/div>\n\t\t\t\t<div class=\"elementor-element elementor-element-04055aa sc_fly_static elementor-widget elementor-widget-text-editor\" data-id=\"04055aa\" data-element_type=\"widget\" data-widget_type=\"text-editor.default\">\n\t\t\t\t<div class=\"elementor-widget-container\">\n\t\t\t\t\t\t\t\t\t<p>We follow the upcoming fairs for you and plan your participation process in the most efficient way. We are with you with organizations and professional travel solutions suitable for your goals.<\/p>\t\t\t\t\t\t\t\t<\/div>\n\t\t\t\t<\/div>\n\t\t\t\t<div class=\"elementor-element elementor-element-3f53cb0c sc_fly_static elementor-widget elementor-widget-spacer\" data-id=\"3f53cb0c\" data-element_type=\"widget\" data-widget_type=\"spacer.default\">\n\t\t\t\t<div class=\"elementor-widget-container\">\n\t\t\t\t\t\t\t<div class=\"elementor-spacer\">\n\t\t\t<div class=\"elementor-spacer-inner\"><\/div>\n\t\t<\/div>\n\t\t\t\t\t\t<\/div>\n\t\t\t\t<\/div>\n\t\t\t\t\t<\/div>\n\t\t<\/div>\n\t\t\t\t\t<\/div>\n\t\t<\/section>\n\t\t\t\t<section class=\"elementor-section elementor-top-section elementor-element elementor-element-2a3efff elementor-section-boxed elementor-section-height-default elementor-section-height-default sc_fly_static\" data-id=\"2a3efff\" data-element_type=\"section\">\n\t\t\t\t\t\t<div class=\"elementor-container elementor-column-gap-extended\">\n\t\t\t\t\t<div class=\"elementor-column elementor-col-100 elementor-top-column elementor-element elementor-element-9200066 sc_content_align_inherit sc_layouts_column_icons_position_left sc_fly_static\" data-id=\"9200066\" data-element_type=\"column\">\n\t\t\t<div class=\"elementor-widget-wrap elementor-element-populated\">\n\t\t\t\t\t\t<div class=\"elementor-element elementor-element-a3b518e sc_fly_static elementor-widget elementor-widget-trx_sc_portfolio\" data-id=\"a3b518e\" data-element_type=\"widget\" data-widget_type=\"trx_sc_portfolio.default\">\n\t\t\t\t<div class=\"elementor-widget-container\">\n\t\t\t\t\t<div \t\tclass=\"sc_portfolio sc_portfolio_eclipse\"><div class=\"sc_portfolio_columns_wrap sc_item_columns sc_item_posts_container trx_addons_columns_wrap columns_padding_bottom grid_wrap_4\"><div class=\"trx_addons_column-1_3\"><div data-post-id=\"20124\" class=\"sc_portfolio_item sc_item_container post_container\"\r\n\t\tdata-size=\"1200x801\"\r\n\tdata-src=\"https:\/\/ttf.com.tr\/wp-content\/uploads\/2025\/04\/rosupack.jpg\"\r\n\t>\r\n\t<div class=\"post_featured with_thumb hover_info sc_portfolio_item_thumb\"><img fetchpriority=\"high\" decoding=\"async\" width=\"890\" height=\"664\" src=\"https:\/\/ttf.com.tr\/wp-content\/uploads\/2025\/04\/rosupack-890x664.jpg\" class=\"attachment-trailblazer-thumb-square size-trailblazer-thumb-square wp-post-image\" alt=\"\" \/>\t\t\t\t\t\t<div class=\"mask\"><\/div>\n\t\t\t\t\t\t<a href=\"https:\/\/ttf.com.tr\/en\/portfolio\/ambalaj-sanayi-fuari\/\"><\/a><div class=\"post_info\"><h5 class=\"post_title\"><a href=\"https:\/\/ttf.com.tr\/en\/portfolio\/ambalaj-sanayi-fuari\/\">29. INTERNATIONAL ROSUPAK PACKAGING INDUSTRY SPECIALIST FAIR<\/a><\/h5><div class=\"post_meta\"><span class=\"post_meta_item post_categories cat_sep\"><a href=\"https:\/\/ttf.com.tr\/en\/portfolio_group\/gelecek-fuarlar\/\" title=\"View all posts in Gelecek Fuarlar\">Upcoming Fairs<\/a><span class=\"post_meta_item_cat_separator\">, <\/span><a href=\"https:\/\/ttf.com.tr\/en\/portfolio_group\/paket-turlar\/\" title=\"View all posts in Paket Turlar\">Package Tours<\/a><\/span><\/div><\/div><\/div>\t\r\n<\/div><\/div><div class=\"trx_addons_column-1_3\"><div data-post-id=\"23220\" class=\"sc_portfolio_item sc_item_container post_container\"\r\n\t\tdata-size=\"1200x798\"\r\n\tdata-src=\"https:\/\/ttf.com.tr\/wp-content\/uploads\/2025\/05\/expo.jpg\"\r\n\t>\r\n\t<div class=\"post_featured with_thumb hover_info sc_portfolio_item_thumb\"><img decoding=\"async\" width=\"890\" height=\"664\" src=\"https:\/\/ttf.com.tr\/wp-content\/uploads\/2025\/05\/expo-890x664.jpg\" class=\"attachment-trailblazer-thumb-square size-trailblazer-thumb-square wp-post-image\" alt=\"\" srcset=\"https:\/\/ttf.com.tr\/wp-content\/uploads\/2025\/05\/expo-890x664.jpg 890w, https:\/\/ttf.com.tr\/wp-content\/uploads\/2025\/05\/expo-18x12.jpg 18w\" sizes=\"(max-width: 890px) 100vw, 890px\" \/>\t\t\t\t\t\t<div class=\"mask\"><\/div>\n\t\t\t\t\t\t<a href=\"https:\/\/ttf.com.tr\/en\/portfolio\/36-international-fashion-exhibition-central-asia-fashion\/\"><\/a><div class=\"post_info\"><h5 class=\"post_title\"><a href=\"https:\/\/ttf.com.tr\/en\/portfolio\/36-international-fashion-exhibition-central-asia-fashion\/\">36. International Fashion Exhibition Central Asia Fashion<\/a><\/h5><div class=\"post_meta\"><span class=\"post_meta_item post_categories cat_sep\"><a href=\"https:\/\/ttf.com.tr\/en\/portfolio_group\/gelecek-fuarlar\/\" title=\"View all posts in Gelecek Fuarlar\">Upcoming Fairs<\/a><span class=\"post_meta_item_cat_separator\">, <\/span><a href=\"https:\/\/ttf.com.tr\/en\/portfolio_group\/paket-turlar\/\" title=\"View all posts in Paket Turlar\">Package Tours<\/a><\/span><\/div><\/div><\/div>\t\r\n<\/div><\/div><div class=\"trx_addons_column-1_3\"><div data-post-id=\"23251\" class=\"sc_portfolio_item sc_item_container post_container\"\r\n\t\tdata-size=\"1500x1000\"\r\n\tdata-src=\"https:\/\/ttf.com.tr\/wp-content\/uploads\/2025\/04\/CPM-IMG_0863-2.webp\"\r\n\t>\r\n\t<div class=\"post_featured with_thumb hover_info sc_portfolio_item_thumb\"><img decoding=\"async\" width=\"890\" height=\"664\" src=\"https:\/\/ttf.com.tr\/wp-content\/uploads\/2025\/04\/CPM-IMG_0863-2-890x664.webp\" class=\"attachment-trailblazer-thumb-square size-trailblazer-thumb-square wp-post-image\" alt=\"\" srcset=\"https:\/\/ttf.com.tr\/wp-content\/uploads\/2025\/04\/CPM-IMG_0863-2-890x664.webp 890w, https:\/\/ttf.com.tr\/wp-content\/uploads\/2025\/04\/CPM-IMG_0863-2-18x12.webp 18w\" sizes=\"(max-width: 890px) 100vw, 890px\" \/>\t\t\t\t\t\t<div class=\"mask\"><\/div>\n\t\t\t\t\t\t<a href=\"https:\/\/ttf.com.tr\/en\/portfolio\/2025-cpm-international-fashion-trade\/\"><\/a><div class=\"post_info\"><h5 class=\"post_title\"><a href=\"https:\/\/ttf.com.tr\/en\/portfolio\/2025-cpm-international-fashion-trade\/\">2025 CPM International Fashion Trade<\/a><\/h5><div class=\"post_meta\"><span class=\"post_meta_item post_categories cat_sep\"><a href=\"https:\/\/ttf.com.tr\/en\/portfolio_group\/gelecek-fuarlar\/\" title=\"View all posts in Gelecek Fuarlar\">Upcoming Fairs<\/a><span class=\"post_meta_item_cat_separator\">, <\/span><a href=\"https:\/\/ttf.com.tr\/en\/portfolio_group\/paket-turlar\/\" title=\"View all posts in Paket Turlar\">Package Tours<\/a><\/span><\/div><\/div><\/div>\t\r\n<\/div><\/div><div class=\"trx_addons_column-1_3\"><div data-post-id=\"23329\" class=\"sc_portfolio_item sc_item_container post_container\"\r\n\t\tdata-size=\"800x532\"\r\n\tdata-src=\"https:\/\/ttf.com.tr\/wp-content\/uploads\/2025\/05\/WhatsApp-Image-2025-05-07-at-15.07.19.jpeg\"\r\n\t>\r\n\t<div class=\"post_featured with_thumb hover_info sc_portfolio_item_thumb\"><img loading=\"lazy\" decoding=\"async\" width=\"800\" height=\"532\" src=\"https:\/\/ttf.com.tr\/wp-content\/uploads\/2025\/05\/WhatsApp-Image-2025-05-07-at-15.07.19.jpeg\" class=\"attachment-trailblazer-thumb-square size-trailblazer-thumb-square wp-post-image\" alt=\"\" srcset=\"https:\/\/ttf.com.tr\/wp-content\/uploads\/2025\/05\/WhatsApp-Image-2025-05-07-at-15.07.19.jpeg 800w, https:\/\/ttf.com.tr\/wp-content\/uploads\/2025\/05\/WhatsApp-Image-2025-05-07-at-15.07.19-300x200.jpeg 300w, https:\/\/ttf.com.tr\/wp-content\/uploads\/2025\/05\/WhatsApp-Image-2025-05-07-at-15.07.19-768x511.jpeg 768w, https:\/\/ttf.com.tr\/wp-content\/uploads\/2025\/05\/WhatsApp-Image-2025-05-07-at-15.07.19-18x12.jpeg 18w, https:\/\/ttf.com.tr\/wp-content\/uploads\/2025\/05\/WhatsApp-Image-2025-05-07-at-15.07.19-370x246.jpeg 370w, https:\/\/ttf.com.tr\/wp-content\/uploads\/2025\/05\/WhatsApp-Image-2025-05-07-at-15.07.19-410x273.jpeg 410w\" sizes=\"(max-width: 800px) 100vw, 800px\" \/>\t\t\t\t\t\t<div class=\"mask\"><\/div>\n\t\t\t\t\t\t<a href=\"https:\/\/ttf.com.tr\/en\/portfolio\/36-international-fashion-exhibition-catexpo\/\"><\/a><div class=\"post_info\"><h5 class=\"post_title\"><a href=\"https:\/\/ttf.com.tr\/en\/portfolio\/36-international-fashion-exhibition-catexpo\/\">36. International Fashion Exhibition CatExpo<\/a><\/h5><div class=\"post_meta\"><span class=\"post_meta_item post_categories cat_sep\"><a href=\"https:\/\/ttf.com.tr\/en\/portfolio_group\/gelecek-fuarlar\/\" title=\"View all posts in Gelecek Fuarlar\">Upcoming Fairs<\/a><span class=\"post_meta_item_cat_separator\">, <\/span><a href=\"https:\/\/ttf.com.tr\/en\/portfolio_group\/paket-turlar\/\" title=\"View all posts in Paket Turlar\">Package Tours<\/a><\/span><\/div><\/div><\/div>\t\r\n<\/div><\/div><\/div><\/div>\t\t\t\t<\/div>\n\t\t\t\t<\/div>\n\t\t\t\t\t<\/div>\n\t\t<\/div>\n\t\t\t\t\t<\/div>\n\t\t<\/section>\n\t\t\t\t<\/div>","protected":false},"excerpt":{"rendered":"<p>Gelecek Fuarlar Yakla\u015fan fuarlar\u0131 sizin i\u00e7in takip ediyor, kat\u0131l\u0131m s\u00fcrecinizi en verimli \u015fekilde planl\u0131yoruz. Hedefinize uygun organizasyonlar ve profesyonel seyahat \u00e7\u00f6z\u00fcmleriyle yan\u0131n\u0131zday\u0131z. Balloon Festival Fun Gelecek Fuarlar Balloon Skydiving Gelecek&hellip;<\/p>","protected":false},"author":1,"featured_media":0,"parent":0,"menu_order":0,"comment_status":"closed","ping_status":"closed","template":"","meta":{"footnotes":""},"class_list":["post-22933","page","type-page","status-publish","hentry"],"_links":{"self":[{"href":"https:\/\/ttf.com.tr\/en\/wp-json\/wp\/v2\/pages\/22933","targetHints":{"allow":["GET"]}}],"collection":[{"href":"https:\/\/ttf.com.tr\/en\/wp-json\/wp\/v2\/pages"}],"about":[{"href":"https:\/\/ttf.com.tr\/en\/wp-json\/wp\/v2\/types\/page"}],"author":[{"embeddable":true,"href":"https:\/\/ttf.com.tr\/en\/wp-json\/wp\/v2\/users\/1"}],"replies":[{"embeddable":true,"href":"https:\/\/ttf.com.tr\/en\/wp-json\/wp\/v2\/comments?post=22933"}],"version-history":[{"count":7,"href":"https:\/\/ttf.com.tr\/en\/wp-json\/wp\/v2\/pages\/22933\/revisions"}],"predecessor-version":[{"id":22950,"href":"https:\/\/ttf.com.tr\/en\/wp-json\/wp\/v2\/pages\/22933\/revisions\/22950"}],"wp:attachment":[{"href":"https:\/\/ttf.com.tr\/en\/wp-json\/wp\/v2\/media?parent=22933"}],"curies":[{"name":"wp","href":"https:\/\/api.w.org\/{rel}","templated":true}]}}