{"id":22787,"date":"2025-04-13T10:54:40","date_gmt":"2025-04-13T10:54:40","guid":{"rendered":"https:\/\/ttf.com.tr\/?page_id=22787"},"modified":"2025-04-13T11:05:33","modified_gmt":"2025-04-13T11:05:33","slug":"hizmetlerimiz","status":"publish","type":"page","link":"https:\/\/ttf.com.tr\/en\/hizmetlerimiz\/","title":{"rendered":"Our Services"},"content":{"rendered":"<div data-elementor-type=\"wp-page\" data-elementor-id=\"22787\" class=\"elementor elementor-22787\">\n\t\t\t\t\t\t<section class=\"elementor-section elementor-top-section elementor-element elementor-element-2ae0b940 elementor-section-boxed elementor-section-height-default elementor-section-height-default sc_fly_static\" data-id=\"2ae0b940\" data-element_type=\"section\">\n\t\t\t\t\t\t<div class=\"elementor-container elementor-column-gap-extended\">\n\t\t\t\t\t<div class=\"elementor-column elementor-col-100 elementor-top-column elementor-element elementor-element-4e478206 sc_layouts_column_align_center sc_layouts_column sc_content_align_inherit sc_layouts_column_icons_position_left sc_fly_static\" data-id=\"4e478206\" data-element_type=\"column\">\n\t\t\t<div class=\"elementor-widget-wrap elementor-element-populated\">\n\t\t\t\t\t\t<div class=\"elementor-element elementor-element-3178078 sc_fly_static elementor-widget elementor-widget-text-editor\" data-id=\"3178078\" data-element_type=\"widget\" data-widget_type=\"text-editor.default\">\n\t\t\t\t<div class=\"elementor-widget-container\">\n\t\t\t\t\t\t\t\t\t<p>Our Services<\/p>\t\t\t\t\t\t\t\t<\/div>\n\t\t\t\t<\/div>\n\t\t\t\t<div class=\"elementor-element elementor-element-3afb4aa7 elementor-widget__width-initial sc_fly_static elementor-widget elementor-widget-trx_sc_title\" data-id=\"3afb4aa7\" data-element_type=\"widget\" data-widget_type=\"trx_sc_title.default\">\n\t\t\t\t<div class=\"elementor-widget-container\">\n\t\t\t\t\t<div\t\tclass=\"sc_title sc_title_default\" ><h1 class=\"sc_item_title sc_title_title sc_align_center sc_item_title_style_default sc_item_title_tag\"\n\t\t\t><span class=\"sc_item_title_text\">Vize, u\u00e7ak bileti, konaklama, transfer ve daha fazlas\u0131: \u0130htiyac\u0131n\u0131z olan t\u00fcm hizmetleri<span class=\"gradient_anim\"> tek noktadan <\/span>sunuyoruz.<\/span><\/h1><\/div>\t\t\t\t<\/div>\n\t\t\t\t<\/div>\n\t\t\t\t<div class=\"elementor-element elementor-element-56a09791 sc_fly_static elementor-widget elementor-widget-spacer\" data-id=\"56a09791\" data-element_type=\"widget\" data-widget_type=\"spacer.default\">\n\t\t\t\t<div class=\"elementor-widget-container\">\n\t\t\t\t\t\t\t<div class=\"elementor-spacer\">\n\t\t\t<div class=\"elementor-spacer-inner\"><\/div>\n\t\t<\/div>\n\t\t\t\t\t\t<\/div>\n\t\t\t\t<\/div>\n\t\t\t\t\t<\/div>\n\t\t<\/div>\n\t\t\t\t\t<\/div>\n\t\t<\/section>\n\t\t\t\t<section class=\"elementor-section elementor-top-section elementor-element elementor-element-e22c36e elementor-section-boxed elementor-section-height-default elementor-section-height-default sc_fly_static\" data-id=\"e22c36e\" data-element_type=\"section\">\n\t\t\t\t\t\t<div class=\"elementor-container elementor-column-gap-extended\">\n\t\t\t\t\t<div class=\"elementor-column elementor-col-100 elementor-top-column elementor-element elementor-element-88e56ff sc_content_align_inherit sc_layouts_column_icons_position_left sc_fly_static\" data-id=\"88e56ff\" data-element_type=\"column\">\n\t\t\t<div class=\"elementor-widget-wrap elementor-element-populated\">\n\t\t\t\t\t\t<div class=\"elementor-element elementor-element-f8bd495 sc_fly_static elementor-widget elementor-widget-trx_sc_services\" data-id=\"f8bd495\" data-element_type=\"widget\" data-widget_type=\"trx_sc_services.default\">\n\t\t\t\t<div class=\"elementor-widget-container\">\n\t\t\t\t\t<div class=\"sc_services sc_services_strong sc_services_featured_top\"><div class=\"sc_services_columns_wrap sc_item_columns sc_item_posts_container sc_item_columns_3 trx_addons_columns_wrap columns_padding_bottom\"><div class=\"trx_addons_column-1_3\"><div data-post-id=\"752\" class=\"sc_services_item sc_item_container post_container with_content with_more with_image sc_services_item_featured_none post-752 cpt_services type-cpt_services status-publish has-post-thumbnail hentry cpt_services_group-our-services\">\r\n\t\t<div class=\"sc_services_item_content\" style=\"background-image: url(https:\/\/ttf.com.tr\/wp-content\/uploads\/2025\/04\/mice-840x473.webp);\">\r\n\t\t\t\t<div class=\"sc_services_item_content_inner\"><div class=\"sc_services_item_content_inner_bottom\">\r\n                <h6 class=\"sc_services_item_title\"><a href=\"https:\/\/ttf.com.tr\/en\/services\/mice\/\">MICE<\/a><\/h6>\r\n                <div class=\"sc_services_item_text\"><p>Meetings, Incentives, Conferences, Exhibitions<\/p>\n<\/div><div class=\"sc_services_item_button sc_item_button\">\r\n                    <a href=\"https:\/\/ttf.com.tr\/en\/services\/mice\/\" class=\"sc_services_item_more_link\">\r\n                        <span class=\"link_text\">Read more<\/span><span class=\"link_icon\"><\/span>\r\n                    <\/a>\r\n                    <\/div><\/div><\/div><a class=\"sc_services_item_link\" href=\"https:\/\/ttf.com.tr\/en\/services\/mice\/\"><\/a><\/div><\/div><\/div><div class=\"trx_addons_column-1_3\"><div data-post-id=\"22267\" class=\"sc_services_item sc_item_container post_container with_content with_more with_image sc_services_item_featured_none post-22267 cpt_services type-cpt_services status-publish has-post-thumbnail hentry cpt_services_group-our-services\">\r\n\t\t<div class=\"sc_services_item_content\" style=\"background-image: url(https:\/\/ttf.com.tr\/wp-content\/uploads\/2025\/04\/dmc-840x472.webp);\">\r\n\t\t\t\t<div class=\"sc_services_item_content_inner\"><div class=\"sc_services_item_content_inner_bottom\">\r\n                <h6 class=\"sc_services_item_title\"><a href=\"https:\/\/ttf.com.tr\/en\/services\/dmc\/\">DMC<\/a><\/h6>\r\n                <div class=\"sc_services_item_text\"><p>Destination Management Company<\/p>\n<\/div><div class=\"sc_services_item_button sc_item_button\">\r\n                    <a href=\"https:\/\/ttf.com.tr\/en\/services\/dmc\/\" class=\"sc_services_item_more_link\">\r\n                        <span class=\"link_text\">Read more<\/span><span class=\"link_icon\"><\/span>\r\n                    <\/a>\r\n                    <\/div><\/div><\/div><a class=\"sc_services_item_link\" href=\"https:\/\/ttf.com.tr\/en\/services\/dmc\/\"><\/a><\/div><\/div><\/div><div class=\"trx_addons_column-1_3\"><div data-post-id=\"22273\" class=\"sc_services_item sc_item_container post_container with_content with_more with_image sc_services_item_featured_none post-22273 cpt_services type-cpt_services status-publish has-post-thumbnail hentry cpt_services_group-our-services\">\r\n\t\t<div class=\"sc_services_item_content\" style=\"background-image: url(https:\/\/ttf.com.tr\/wp-content\/uploads\/2025\/04\/ttrtr-840x473.webp);\">\r\n\t\t\t\t<div class=\"sc_services_item_content_inner\"><div class=\"sc_services_item_content_inner_bottom\">\r\n                <h6 class=\"sc_services_item_title\"><a href=\"https:\/\/ttf.com.tr\/en\/services\/paket-turlar\/\">Package Tours<\/a><\/h6>\r\n                <div class=\"sc_services_item_text\"><p>Best Trips to Explore<\/p>\n<\/div><div class=\"sc_services_item_button sc_item_button\">\r\n                    <a href=\"https:\/\/ttf.com.tr\/en\/services\/paket-turlar\/\" class=\"sc_services_item_more_link\">\r\n                        <span class=\"link_text\">Read more<\/span><span class=\"link_icon\"><\/span>\r\n                    <\/a>\r\n                    <\/div><\/div><\/div><a class=\"sc_services_item_link\" href=\"https:\/\/ttf.com.tr\/en\/services\/paket-turlar\/\"><\/a><\/div><\/div><\/div><div class=\"trx_addons_column-1_3\"><div data-post-id=\"22269\" class=\"sc_services_item sc_item_container post_container with_content with_more with_image sc_services_item_featured_none post-22269 cpt_services type-cpt_services status-publish has-post-thumbnail hentry cpt_services_group-our-services\">\r\n\t\t<div class=\"sc_services_item_content\" style=\"background-image: url(https:\/\/ttf.com.tr\/wp-content\/uploads\/2025\/04\/transfer-1-840x473.webp);\">\r\n\t\t\t\t<div class=\"sc_services_item_content_inner\"><div class=\"sc_services_item_content_inner_bottom\">\r\n                <h6 class=\"sc_services_item_title\"><a href=\"https:\/\/ttf.com.tr\/en\/services\/transfer\/\">Transfer<\/a><\/h6>\r\n                <div class=\"sc_services_item_text\"><p>Safe and Comfortable Transportation Solutions<\/p>\n<\/div><div class=\"sc_services_item_button sc_item_button\">\r\n                    <a href=\"https:\/\/ttf.com.tr\/en\/services\/transfer\/\" class=\"sc_services_item_more_link\">\r\n                        <span class=\"link_text\">Read more<\/span><span class=\"link_icon\"><\/span>\r\n                    <\/a>\r\n                    <\/div><\/div><\/div><a class=\"sc_services_item_link\" href=\"https:\/\/ttf.com.tr\/en\/services\/transfer\/\"><\/a><\/div><\/div><\/div><div class=\"trx_addons_column-1_3\"><div data-post-id=\"22271\" class=\"sc_services_item sc_item_container post_container with_content with_more with_image sc_services_item_featured_none post-22271 cpt_services type-cpt_services status-publish has-post-thumbnail hentry cpt_services_group-our-services\">\r\n\t\t<div class=\"sc_services_item_content\" style=\"background-image: url(https:\/\/ttf.com.tr\/wp-content\/uploads\/2025\/04\/passport-1-840x473.webp);\">\r\n\t\t\t\t<div class=\"sc_services_item_content_inner\"><div class=\"sc_services_item_content_inner_bottom\">\r\n                <h6 class=\"sc_services_item_title\"><a href=\"https:\/\/ttf.com.tr\/en\/services\/vize-hizmetleri\/\">Visa Services<\/a><\/h6>\r\n                <div class=\"sc_services_item_text\"><p>Easy and Fast Visa Applications<\/p>\n<\/div><div class=\"sc_services_item_button sc_item_button\">\r\n                    <a href=\"https:\/\/ttf.com.tr\/en\/services\/vize-hizmetleri\/\" class=\"sc_services_item_more_link\">\r\n                        <span class=\"link_text\">Read more<\/span><span class=\"link_icon\"><\/span>\r\n                    <\/a>\r\n                    <\/div><\/div><\/div><a class=\"sc_services_item_link\" href=\"https:\/\/ttf.com.tr\/en\/services\/vize-hizmetleri\/\"><\/a><\/div><\/div><\/div><div class=\"trx_addons_column-1_3\"><div data-post-id=\"22272\" class=\"sc_services_item sc_item_container post_container with_content with_more with_image sc_services_item_featured_none post-22272 cpt_services type-cpt_services status-publish has-post-thumbnail hentry cpt_services_group-our-services\">\r\n\t\t<div class=\"sc_services_item_content\" style=\"background-image: url(https:\/\/ttf.com.tr\/wp-content\/uploads\/2025\/04\/plane-840x473.webp);\">\r\n\t\t\t\t<div class=\"sc_services_item_content_inner\"><div class=\"sc_services_item_content_inner_bottom\">\r\n                <h6 class=\"sc_services_item_title\"><a href=\"https:\/\/ttf.com.tr\/en\/services\/ucak-bileti\/\">Flight ticket<\/a><\/h6>\r\n                <div class=\"sc_services_item_text\"><p>Fast and Easy Transportation at the Most Affordable Prices<\/p>\n<\/div><div class=\"sc_services_item_button sc_item_button\">\r\n                    <a href=\"https:\/\/ttf.com.tr\/en\/services\/ucak-bileti\/\" class=\"sc_services_item_more_link\">\r\n                        <span class=\"link_text\">Read more<\/span><span class=\"link_icon\"><\/span>\r\n                    <\/a>\r\n                    <\/div><\/div><\/div><a class=\"sc_services_item_link\" href=\"https:\/\/ttf.com.tr\/en\/services\/ucak-bileti\/\"><\/a><\/div><\/div><\/div><\/div><\/div>\t\t\t\t<\/div>\n\t\t\t\t<\/div>\n\t\t\t\t\t<\/div>\n\t\t<\/div>\n\t\t\t\t\t<\/div>\n\t\t<\/section>\n\t\t\t\t<\/div>","protected":false},"excerpt":{"rendered":"<p>Hizmetlerimiz Vize, u\u00e7ak bileti, konaklama, transfer ve daha fazlas\u0131: \u0130htiyac\u0131n\u0131z olan t\u00fcm hizmetleri tek noktadan sunuyoruz. MICE Meetings, Incentives, Conferences, Exhibitions Read more DMC Destination Management Company Read more Transfer&hellip;<\/p>","protected":false},"author":1,"featured_media":0,"parent":0,"menu_order":0,"comment_status":"closed","ping_status":"closed","template":"","meta":{"footnotes":""},"class_list":["post-22787","page","type-page","status-publish","hentry"],"_links":{"self":[{"href":"https:\/\/ttf.com.tr\/en\/wp-json\/wp\/v2\/pages\/22787","targetHints":{"allow":["GET"]}}],"collection":[{"href":"https:\/\/ttf.com.tr\/en\/wp-json\/wp\/v2\/pages"}],"about":[{"href":"https:\/\/ttf.com.tr\/en\/wp-json\/wp\/v2\/types\/page"}],"author":[{"embeddable":true,"href":"https:\/\/ttf.com.tr\/en\/wp-json\/wp\/v2\/users\/1"}],"replies":[{"embeddable":true,"href":"https:\/\/ttf.com.tr\/en\/wp-json\/wp\/v2\/comments?post=22787"}],"version-history":[{"count":13,"href":"https:\/\/ttf.com.tr\/en\/wp-json\/wp\/v2\/pages\/22787\/revisions"}],"predecessor-version":[{"id":22800,"href":"https:\/\/ttf.com.tr\/en\/wp-json\/wp\/v2\/pages\/22787\/revisions\/22800"}],"wp:attachment":[{"href":"https:\/\/ttf.com.tr\/en\/wp-json\/wp\/v2\/media?parent=22787"}],"curies":[{"name":"wp","href":"https:\/\/api.w.org\/{rel}","templated":true}]}}